{"id":74,"date":"2026-02-13T19:08:03","date_gmt":"2026-02-13T19:08:03","guid":{"rendered":"https:\/\/test.pyel.cz\/?page_id=74"},"modified":"2026-02-14T01:15:58","modified_gmt":"2026-02-14T01:15:58","slug":"pyel-live-homepage","status":"publish","type":"page","link":"https:\/\/test.pyel.cz\/","title":{"rendered":"PYEL Live Homepage"},"content":{"rendered":"\n\t<section class=\"section\" id=\"section_1962062834\">\n\t\t<div class=\"section-bg fill\" >\n\t\t\t\t\t\t\t\t\t\n\t\t\t\n\n\t\t<\/div>\n\n\t\t\n\n\t\t<div class=\"section-content relative\">\n\t\t\t\n<div class=\"row align-middle\"  id=\"row-2098172579\">\n\n\t<div id=\"col-50676816\" class=\"col medium-3 large-3\"  >\n\t\t\t\t<div class=\"col-inner\"  >\n\t\t\t\n\t\t\t\n<p><strong>Technology rental<\/strong><\/p>\n\t\t<\/div>\n\t\t\t\t\t<\/div>\n\n\t\n\n\t<div id=\"col-2089493533\" class=\"col medium-6 large-6\"  >\n\t\t\t\t<div class=\"col-inner\"  >\n\t\t\t\n\t\t\t\n<p style=\"text-align:center;\"><a href=\"#uvod\">\u00davod<\/a> | <a href=\"#nabidka\">Nab\u00eddka plo\u0161in<\/a> | <a href=\"#postup\">Postup<\/a> | <a href=\"#onas\">O n\u00e1s<\/a> | <a href=\"#blog\">Blog<\/a> | <a href=\"#kontakt\">Kontakt<\/a><\/p>\n\t\t<\/div>\n\t\t\t\t\t<\/div>\n\n\t\n\n\t<div id=\"col-1645487009\" class=\"col medium-3 large-3\"  >\n\t\t\t\t<div class=\"col-inner\"  >\n\t\t\t\n\t\t\t\n<p style=\"text-align:right;\"><a class=\"button primary\" href=\"tel:+420739739376\"><span>+420 739 739 376<\/span><\/a> <a class=\"button success\" href=\"#kontakt\"><span>Poptat plo\u0161inu<\/span><\/a><\/p>\n\t\t<\/div>\n\t\t\t\t\t<\/div>\n\n\t\n\n<style>\n#row-2098172579 > .col > .col-inner {\n  padding: 20px 0px 20px 0px;\n}\n<\/style>\n<\/div>\n\t\t<\/div>\n\n\t\t\n<style>\n#section_1962062834 {\n  padding-top: 0px;\n  padding-bottom: 0px;\n  background-color: rgb(255,255,255);\n}\n<\/style>\n\t<\/section>\n\t\n\n\t<section class=\"section dark\" id=\"section_1712297576\">\n\t\t<div class=\"section-bg fill\" >\n\t\t\t\t\t\t\t\t\t\n\t\t\t\n\n\t\t<\/div>\n\n\t\t\n\n\t\t<div class=\"section-content relative\">\n\t\t\t\n<div class=\"row\"  id=\"row-428945221\">\n\n\t<div id=\"col-1042701360\" class=\"col medium-8 large-8\"  >\n\t\t\t\t<div class=\"col-inner\"  >\n\t\t\t\n\t\t\t\n<h1>Pron\u00e1jem pracovn\u00edch a stavebn\u00edch plo\u0161in<\/h1>\n<p>Pom\u016f\u017eeme v\u00e1m s v\u00fdb\u011brem stroje a zajist\u00edme pron\u00e1jem bez zbyte\u010dn\u00fdch komplikac\u00ed po cel\u00e9 \u010cR.<\/p>\n<a href=\"#nabidka\" class=\"button success\" style=\"border-radius:99px;\">\n\t\t<span>Zobrazit nab\u00eddku<\/span>\n\t<\/a>\n\n\t\t<\/div>\n\t\t\t\t\t<\/div>\n\n\t\n<\/div>\n\t\t<\/div>\n\n\t\t\n<style>\n#section_1712297576 {\n  padding-top: 90px 0px 90px 0px;\n  padding-bottom: 90px 0px 90px 0px;\n  background-color: rgb(8,18,38);\n}\n<\/style>\n\t<\/section>\n\t\n\n\t<section class=\"section\" id=\"section_1769014592\">\n\t\t<div class=\"section-bg fill\" >\n\t\t\t\t\t\t\t\t\t\n\t\t\t\n\n\t\t<\/div>\n\n\t\t\n\n\t\t<div class=\"section-content relative\">\n\t\t\t\n<div class=\"row\"  id=\"row-1370620601\">\n\t<div id=\"col-974128638\" class=\"col medium-12 large-12\"  >\n\t\t\t\t<div class=\"col-inner\"  >\n\t\t\t\n\t\t\t\n<h2>Nab\u00eddka plo\u0161in k zap\u016fj\u010den\u00ed<\/h2>\n<p>Vyberte vhodn\u00fd typ dle v\u00fd\u0161ky pr\u00e1ce a ter\u00e9nu.<\/p>\n\t\t<\/div>\n\t\t\t\t\t<\/div>\n\n\t<\/div>\n<div class=\"row\"  id=\"row-1012454683\">\n\n\t<div id=\"col-589652696\" class=\"col medium-4 large-4\"  >\n\t\t\t\t<div class=\"col-inner\"  >\n\t\t\t\n\t\t\t\n<h3>N\u016f\u017ekov\u00e1 plo\u0161ina 8 m<\/h3>\n<p>Pracovn\u00ed v\u00fd\u0161ka: 8 m<br \/>Nosnost: 230 kg<br \/>Pohon: Elektro<\/p>\n<a href=\"#kontakt\" class=\"button primary\" style=\"border-radius:99px;\">\n\t\t<span>Nez\u00e1vazn\u011b poptat<\/span>\n\t<\/a>\n\t\t<\/div>\n\t\t\t\t\t<\/div>\n\n\t\n\n\t<div id=\"col-484018544\" class=\"col medium-4 large-4\"  >\n\t\t\t\t<div class=\"col-inner\"  >\n\t\t\t\n\t\t\t\n<h3>Kloubov\u00e1 plo\u0161ina 16 m<\/h3>\n<p>Pracovn\u00ed v\u00fd\u0161ka: 16 m<br \/>Nosnost: 230 kg<br \/>Pohon: Diesel<\/p>\n<a href=\"#kontakt\" class=\"button primary\" style=\"border-radius:99px;\">\n\t\t<span>Nez\u00e1vazn\u011b poptat<\/span>\n\t<\/a>\n\t\t<\/div>\n\t\t\t\t\t<\/div>\n\n\t\n\n\t<div id=\"col-709616781\" class=\"col medium-4 large-4\"  >\n\t\t\t\t<div class=\"col-inner\"  >\n\t\t\t\n\t\t\t\n<h3>Teleskopick\u00e1 plo\u0161ina 22 m<\/h3>\n<p>Pracovn\u00ed v\u00fd\u0161ka: 22 m<br \/>Nosnost: 300 kg<br \/>Pohon: Diesel 4&#215;4<\/p>\n<a href=\"#kontakt\" class=\"button primary\" style=\"border-radius:99px;\">\n\t\t<span>Nez\u00e1vazn\u011b poptat<\/span>\n\t<\/a>\n\t\t<\/div>\n\t\t\t\t\t<\/div>\n\n\t\n<\/div>\n\t\t<\/div>\n\n\t\t\n<style>\n#section_1769014592 {\n  padding-top: 80px 0px 40px 0px;\n  padding-bottom: 80px 0px 40px 0px;\n}\n<\/style>\n\t<\/section>\n\t\n\n\t<section class=\"section\" id=\"section_104822106\">\n\t\t<div class=\"section-bg fill\" >\n\t\t\t\t\t\t\t\t\t\n\t\t\t\n\n\t\t<\/div>\n\n\t\t\n\n\t\t<div class=\"section-content relative\">\n\t\t\t\n<div class=\"row\"  id=\"row-188221650\">\n\t<div id=\"col-1052606082\" class=\"col medium-12 large-12\"  >\n\t\t\t\t<div class=\"col-inner\"  >\n\t\t\t\n\t\t\t\n<h2>Jak prob\u00edh\u00e1 pron\u00e1jem plo\u0161iny<\/h2>\n\t\t<\/div>\n\t\t\t\t\t<\/div>\n\n\t<\/div>\n<div class=\"row\"  id=\"row-361473005\">\n\n\t<div id=\"col-889969576\" class=\"col medium-3 large-3\"  >\n\t\t\t\t<div class=\"col-inner\"  >\n\t\t\t\n\t\t\t\n<h4>1. Zad\u00e1n\u00ed po\u017eadavku<\/h4>\n<p>Po\u0161lete v\u00fd\u0161ku, lokalitu a term\u00edn pr\u00e1ce.<\/p>\n\t\t<\/div>\n\t\t\t\t\t<\/div>\n\n\t\n\n\t<div id=\"col-1073812838\" class=\"col medium-3 large-3\"  >\n\t\t\t\t<div class=\"col-inner\"  >\n\t\t\t\n\t\t\t\n<h4>2. N\u00e1vrh \u0159e\u0161en\u00ed<\/h4>\n<p>Doporu\u010d\u00edme vhodn\u00fd typ stroje a cenu.<\/p>\n\t\t<\/div>\n\t\t\t\t\t<\/div>\n\n\t\n\n\t<div id=\"col-1276528019\" class=\"col medium-3 large-3\"  >\n\t\t\t\t<div class=\"col-inner\"  >\n\t\t\t\n\t\t\t\n<h4>3. Doru\u010den\u00ed stroje<\/h4>\n<p>Stroj p\u0159ivezeme na m\u00edsto v domluven\u00fd \u010das.<\/p>\n\t\t<\/div>\n\t\t\t\t\t<\/div>\n\n\t\n\n\t<div id=\"col-1321465025\" class=\"col medium-3 large-3\"  >\n\t\t\t\t<div class=\"col-inner\"  >\n\t\t\t\n\t\t\t\n<h4>4. Podpora na telefonu<\/h4>\n<p>Po dobu pron\u00e1jmu jsme v\u00e1m k dispozici.<\/p>\n\t\t<\/div>\n\t\t\t\t\t<\/div>\n\n\t\n<\/div>\n\t\t<\/div>\n\n\t\t\n<style>\n#section_104822106 {\n  padding-top: 70px 0px 70px 0px;\n  padding-bottom: 70px 0px 70px 0px;\n  background-color: rgb(248,250,252);\n}\n<\/style>\n\t<\/section>\n\t\n\n\t<section class=\"section\" id=\"section_181587511\">\n\t\t<div class=\"section-bg fill\" >\n\t\t\t\t\t\t\t\t\t\n\t\t\t\n\n\t\t<\/div>\n\n\t\t\n\n\t\t<div class=\"section-content relative\">\n\t\t\t\n<div class=\"row align-middle\"  id=\"row-130857580\">\n\n\t<div id=\"col-1797457194\" class=\"col medium-7 large-7\"  >\n\t\t\t\t<div class=\"col-inner\"  >\n\t\t\t\n\t\t\t\n<h2>Budujeme spolehliv\u00e9 partnerstv\u00ed pro firmy i jednotlivce<\/h2>\n<p>Specializujeme se na pron\u00e1jem pracovn\u00edch a stavebn\u00edch plo\u0161in pro pr\u00e1ce ve v\u00fd\u0161k\u00e1ch po cel\u00e9 \u010cesk\u00e9 republice. Dod\u00e1v\u00e1me modern\u00ed, pravideln\u011b servisovan\u00e9 a bezpe\u010dn\u00e9 stroje.<\/p>\n\t\t<\/div>\n\t\t\t\t\t<\/div>\n\n\t\n\n\t<div id=\"col-1438367766\" class=\"col medium-5 large-5\"  >\n\t\t\t\t<div class=\"col-inner\"  >\n\t\t\t\n\t\t\t\t<div class=\"img has-hover x md-x lg-x y md-y lg-y\" id=\"image_64515051\">\n\t\t\t\t\t\t\t\t<div class=\"img-inner dark\" >\n\t\t\t\t\t\t\t\t\t\n\t\t\t\t\t<\/div>\n\t\t\t\t\t\t\t\t\n<style>\n#image_64515051 {\n  width: 100%;\n}\n<\/style>\n\t<\/div>\n\t\t\t<\/div>\n\t\t\t\t\t<\/div>\n\n\t\n<\/div>\n<div class=\"row\"  id=\"row-1973666139\">\n\n\t<div id=\"col-1350025135\" class=\"col medium-4 large-4\"  >\n\t\t\t\t<div class=\"col-inner\"  >\n\t\t\t\n\t\t\t\t<div class=\"img has-hover x md-x lg-x y md-y lg-y\" id=\"image_2079179443\">\n\t\t\t\t\t\t\t\t<div class=\"img-inner dark\" >\n\t\t\t\t\t\t\t\t\t\n\t\t\t\t\t<\/div>\n\t\t\t\t\t\t\t\t\n<style>\n#image_2079179443 {\n  width: 100%;\n}\n<\/style>\n\t<\/div>\n\t\t\t<\/div>\n\t\t\t\t\t<\/div>\n\n\t\n\n\t<div id=\"col-1645281145\" class=\"col medium-4 large-4\"  >\n\t\t\t\t<div class=\"col-inner\"  >\n\t\t\t\n\t\t\t\t<div class=\"img has-hover x md-x lg-x y md-y lg-y\" id=\"image_1803749502\">\n\t\t\t\t\t\t\t\t<div class=\"img-inner dark\" >\n\t\t\t\t\t\t\t\t\t\n\t\t\t\t\t<\/div>\n\t\t\t\t\t\t\t\t\n<style>\n#image_1803749502 {\n  width: 100%;\n}\n<\/style>\n\t<\/div>\n\t\t\t<\/div>\n\t\t\t\t\t<\/div>\n\n\t\n\n\t<div id=\"col-1475240796\" class=\"col medium-4 large-4\"  >\n\t\t\t\t<div class=\"col-inner\"  >\n\t\t\t\n\t\t\t\t<div class=\"img has-hover x md-x lg-x y md-y lg-y\" id=\"image_1133853337\">\n\t\t\t\t\t\t\t\t<div class=\"img-inner dark\" >\n\t\t\t\t\t\t\t\t\t\n\t\t\t\t\t<\/div>\n\t\t\t\t\t\t\t\t\n<style>\n#image_1133853337 {\n  width: 100%;\n}\n<\/style>\n\t<\/div>\n\t\t\t<\/div>\n\t\t\t\t\t<\/div>\n\n\t\n<\/div>\n\t\t<\/div>\n\n\t\t\n<style>\n#section_181587511 {\n  padding-top: 80px 0px 80px 0px;\n  padding-bottom: 80px 0px 80px 0px;\n}\n<\/style>\n\t<\/section>\n\t\n\n\t<section class=\"section\" id=\"section_719121338\">\n\t\t<div class=\"section-bg fill\" >\n\t\t\t\t\t\t\t\t\t\n\t\t\t\n\n\t\t<\/div>\n\n\t\t\n\n\t\t<div class=\"section-content relative\">\n\t\t\t\n<div class=\"row\"  id=\"row-608611358\">\n\t<div id=\"col-1520096988\" class=\"col medium-12 large-12\"  >\n\t\t\t\t<div class=\"col-inner\"  >\n\t\t\t\n\t\t\t\n<h2>Aktuality z realizac\u00ed, techniky a provozu<\/h2>\n\t\t<\/div>\n\t\t\t\t\t<\/div>\n\n\t<\/div>\n<div class=\"row\"  id=\"row-1813327336\">\n\n\t<div id=\"col-1656236556\" class=\"col medium-4 large-4\"  >\n\t\t\t\t<div class=\"col-inner\"  >\n\t\t\t\n\t\t\t\n<h4>Jak vybrat plo\u0161inu pro halu<\/h4>\n<p>Praktick\u00fd p\u0159ehled podle typu podlahy a v\u00fd\u0161ky.<\/p>\n<p><a href=\"#\">\u010c\u00edst \u010dl\u00e1nek<\/a>\t\t<\/div>\n\t\t\t\t\t<\/div>\n\n\t\n\n\t<div id=\"col-1587279262\" class=\"col medium-4 large-4\"  >\n\t\t\t\t<div class=\"col-inner\"  >\n\t\t\t\n\t\t\t\n<h4>Bezpe\u010dnost pr\u00e1ce ve v\u00fd\u0161k\u00e1ch<\/h4>\n<p>Kontroln\u00ed checklist p\u0159ed ka\u017ed\u00fdm pou\u017eit\u00edm.<\/p>\n<p><a href=\"#\">\u010c\u00edst \u010dl\u00e1nek<\/a>\t\t<\/div>\n\t\t\t\t\t<\/div>\n\n\t\n\n\t<div id=\"col-2081259719\" class=\"col medium-4 large-4\"  >\n\t\t\t\t<div class=\"col-inner\"  >\n\t\t\t\n\t\t\t\n<h4>Elektro vs diesel plo\u0161ina<\/h4>\n<p>Kdy volit elektrick\u00fd pohon a kdy diesel.<\/p>\n<p><a href=\"#\">\u010c\u00edst \u010dl\u00e1nek<\/a>\t\t<\/div>\n\t\t\t\t\t<\/div>\n\n\t\n<\/div>\n\t\t<\/div>\n\n\t\t\n<style>\n#section_719121338 {\n  padding-top: 30px;\n  padding-bottom: 30px;\n  background-color: rgb(248,250,252);\n}\n<\/style>\n\t<\/section>\n\t\n\n\t<section class=\"section\" id=\"section_1997641301\">\n\t\t<div class=\"section-bg fill\" >\n\t\t\t\t\t\t\t\t\t\n\t\t\t\n\n\t\t<\/div>\n\n\t\t\n\n\t\t<div class=\"section-content relative\">\n\t\t\t\n<div class=\"row\"  id=\"row-1512133212\">\n\t<div id=\"col-1742677311\" class=\"col medium-12 large-12\"  >\n\t\t\t\t<div class=\"col-inner\"  >\n\t\t\t\n\t\t\t\n<h2>Pro\u010d si n\u00e1s vybrat<\/h2>\n\t\t<\/div>\n\t\t\t\t\t<\/div>\n\n\t<\/div>\n<div class=\"row\"  id=\"row-1500793425\">\n\n\t<div id=\"col-781167313\" class=\"col medium-3 large-3\"  >\n\t\t\t\t<div class=\"col-inner\"  >\n\t\t\t\n\t\t\t\n<h4>Rychl\u00e1 reakce<\/h4>\n<p>Popt\u00e1vky \u0159e\u0161\u00edme obratem.<\/p>\n\t\t<\/div>\n\t\t\t\t\t<\/div>\n\n\t\n\n\t<div id=\"col-1692532193\" class=\"col medium-3 large-3\"  >\n\t\t\t\t<div class=\"col-inner\"  >\n\t\t\t\n\t\t\t\n<h4>Cel\u00e1 \u010cR<\/h4>\n<p>Dod\u00e1n\u00ed na stavby po cel\u00e9 republice.<\/p>\n\t\t<\/div>\n\t\t\t\t\t<\/div>\n\n\t\n\n\t<div id=\"col-344374116\" class=\"col medium-3 large-3\"  >\n\t\t\t\t<div class=\"col-inner\"  >\n\t\t\t\n\t\t\t\n<h4>Ov\u011b\u0159en\u00e1 technika<\/h4>\n<p>Pravideln\u00fd servis a revize stroj\u016f.<\/p>\n\t\t<\/div>\n\t\t\t\t\t<\/div>\n\n\t\n\n\t<div id=\"col-1988064305\" class=\"col medium-3 large-3\"  >\n\t\t\t\t<div class=\"col-inner\"  >\n\t\t\t\n\t\t\t\n<h4>Praktick\u00e9 poradenstv\u00ed<\/h4>\n<p>Doporu\u010den\u00ed podle re\u00e1ln\u00e9 praxe.<\/p>\n\t\t<\/div>\n\t\t\t\t\t<\/div>\n\n\t\n<\/div>\n\t\t<\/div>\n\n\t\t\n<style>\n#section_1997641301 {\n  padding-top: 80px 0px 80px 0px;\n  padding-bottom: 80px 0px 80px 0px;\n}\n<\/style>\n\t<\/section>\n\t\n\n\t<section class=\"section dark\" id=\"section_1019385804\">\n\t\t<div class=\"section-bg fill\" >\n\t\t\t\t\t\t\t\t\t\n\t\t\t\n\n\t\t<\/div>\n\n\t\t\n\n\t\t<div class=\"section-content relative\">\n\t\t\t\n<div class=\"row\"  id=\"row-546980867\">\n\n\t<div id=\"col-481373021\" class=\"col medium-6 large-6\"  >\n\t\t\t\t<div class=\"col-inner\"  >\n\t\t\t\n\t\t\t\n<h2>Nez\u00e1vazn\u00e1 popt\u00e1vka pron\u00e1jmu plo\u0161iny<\/h2>\n<p>Vypl\u0148te formul\u00e1\u0159 a p\u0159iprav\u00edme v\u00e1m nab\u00eddku na m\u00edru.<\/p>\n<p><strong>WhatsApp:<\/strong> 739 739 376<br \/><strong>E-mail:<\/strong> info@technology-rental.cz<\/p>\n\t\t<\/div>\n\t\t\t\t\t<\/div>\n\n\t\n\n\t<div id=\"col-1579122145\" class=\"col medium-6 large-6\"  >\n\t\t\t\t<div class=\"col-inner\"  >\n\t\t\t\n\t\t\t\n<div class=\"wpcf7 no-js\" id=\"wpcf7-f80-o1\" lang=\"en-US\" dir=\"ltr\" data-wpcf7-id=\"80\">\n<div class=\"screen-reader-response\"><p role=\"status\" aria-live=\"polite\" aria-atomic=\"true\"><\/p> <ul><\/ul><\/div>\n<form action=\"\/index.php?rest_route=%2Fwp%2Fv2%2Fpages%2F74#wpcf7-f80-o1\" method=\"post\" class=\"wpcf7-form init\" aria-label=\"Contact form\" novalidate=\"novalidate\" data-status=\"init\">\n<fieldset class=\"hidden-fields-container\"><input type=\"hidden\" name=\"_wpcf7\" value=\"80\" \/><input type=\"hidden\" name=\"_wpcf7_version\" value=\"6.1.5\" \/><input type=\"hidden\" name=\"_wpcf7_locale\" value=\"en_US\" \/><input type=\"hidden\" name=\"_wpcf7_unit_tag\" value=\"wpcf7-f80-o1\" \/><input type=\"hidden\" name=\"_wpcf7_container_post\" value=\"0\" \/><input type=\"hidden\" name=\"_wpcf7_posted_data_hash\" value=\"\" \/>\n<\/fieldset>\n<p><label> Your name<br \/>\n<span class=\"wpcf7-form-control-wrap\" data-name=\"your-name\"><input size=\"40\" maxlength=\"400\" class=\"wpcf7-form-control wpcf7-text wpcf7-validates-as-required\" autocomplete=\"name\" aria-required=\"true\" aria-invalid=\"false\" value=\"\" type=\"text\" name=\"your-name\" \/><\/span> <\/label>\n<\/p>\n<p><label> Your email<br \/>\n<span class=\"wpcf7-form-control-wrap\" data-name=\"your-email\"><input size=\"40\" maxlength=\"400\" class=\"wpcf7-form-control wpcf7-email wpcf7-validates-as-required wpcf7-text wpcf7-validates-as-email\" autocomplete=\"email\" aria-required=\"true\" aria-invalid=\"false\" value=\"\" type=\"email\" name=\"your-email\" \/><\/span> <\/label>\n<\/p>\n<p><label> Subject<br \/>\n<span class=\"wpcf7-form-control-wrap\" data-name=\"your-subject\"><input size=\"40\" maxlength=\"400\" class=\"wpcf7-form-control wpcf7-text wpcf7-validates-as-required\" aria-required=\"true\" aria-invalid=\"false\" value=\"\" type=\"text\" name=\"your-subject\" \/><\/span> <\/label>\n<\/p>\n<p><label> Your message (optional)<br \/>\n<span class=\"wpcf7-form-control-wrap\" data-name=\"your-message\"><textarea cols=\"40\" rows=\"10\" maxlength=\"2000\" class=\"wpcf7-form-control wpcf7-textarea\" aria-invalid=\"false\" name=\"your-message\"><\/textarea><\/span> <\/label>\n<\/p>\n<p><input class=\"wpcf7-form-control wpcf7-submit has-spinner\" type=\"submit\" value=\"Submit\" \/>\n<\/p><div class=\"wpcf7-response-output\" aria-hidden=\"true\"><\/div>\n<\/form>\n<\/div>\n\t\t<\/div>\n\t\t\t\t\t<\/div>\n\n\t\n<\/div>\n<div class=\"row\"  id=\"row-1739703699\">\n\t<div id=\"col-409620845\" class=\"col medium-12 large-12\"  >\n\t\t\t\t<div class=\"col-inner\"  >\n\t\t\t\n\t\t\t\n<p style=\"text-align:center;\">\u00a9 2026 Technology rental s.r.o. | Praha | V\u0161echna pr\u00e1va vyhrazena<\/p>\n\t\t<\/div>\n\t\t\t\t\t<\/div>\n\n\t<\/div>\n\t\t<\/div>\n\n\t\t\n<style>\n#section_1019385804 {\n  padding-top: 80px 0px 80px 0px;\n  padding-bottom: 80px 0px 80px 0px;\n  background-color: rgb(8,18,38);\n}\n<\/style>\n\t<\/section>\n\t\n","protected":false},"excerpt":{"rendered":"","protected":false},"author":1,"featured_media":0,"parent":0,"menu_order":0,"comment_status":"closed","ping_status":"closed","template":"","meta":{"footnotes":""},"class_list":["post-74","page","type-page","status-publish","hentry"],"_links":{"self":[{"href":"https:\/\/test.pyel.cz\/index.php?rest_route=\/wp\/v2\/pages\/74","targetHints":{"allow":["GET"]}}],"collection":[{"href":"https:\/\/test.pyel.cz\/index.php?rest_route=\/wp\/v2\/pages"}],"about":[{"href":"https:\/\/test.pyel.cz\/index.php?rest_route=\/wp\/v2\/types\/page"}],"author":[{"embeddable":true,"href":"https:\/\/test.pyel.cz\/index.php?rest_route=\/wp\/v2\/users\/1"}],"replies":[{"embeddable":true,"href":"https:\/\/test.pyel.cz\/index.php?rest_route=%2Fwp%2Fv2%2Fcomments&post=74"}],"version-history":[{"count":7,"href":"https:\/\/test.pyel.cz\/index.php?rest_route=\/wp\/v2\/pages\/74\/revisions"}],"predecessor-version":[{"id":83,"href":"https:\/\/test.pyel.cz\/index.php?rest_route=\/wp\/v2\/pages\/74\/revisions\/83"}],"wp:attachment":[{"href":"https:\/\/test.pyel.cz\/index.php?rest_route=%2Fwp%2Fv2%2Fmedia&parent=74"}],"curies":[{"name":"wp","href":"https:\/\/api.w.org\/{rel}","templated":true}]}}